{"id":361,"date":"2019-03-26T10:35:16","date_gmt":"2019-03-26T09:35:16","guid":{"rendered":"https:\/\/lemgestione.it\/?page_id=361"},"modified":"2021-01-02T22:26:44","modified_gmt":"2021-01-02T21:26:44","slug":"privacy-policy","status":"publish","type":"page","link":"https:\/\/lemgestione.it\/?page_id=361","title":{"rendered":"Privacy Policy"},"content":{"rendered":"\n<h4 class=\"wp-block-heading\">Chi siamo<\/h4>\n\n\n\n<p>L&#8217;indirizzo del nostro sito web \u00e8: https:\/\/lemgestione.it.<\/p>\n\n\n\n<p> In osservanza al D.Lgs. 30 giugno 2003 n. 196 (Codice Privacy) e successive variazioni, siamo a fornirLe le dovute informazioni in ordine al trattamento dei dati personali da lei forniti. L\u2019informativa non \u00e8 da considerarsi valida per altri siti web eventualmente consultabili tramite links presenti in questo sito internet il cui titolare non \u00e8 da considerarsi in alcun modo responsabile dei siti internet di terzi.Si tratta di un\u2019informativa che \u00e8 resa anche ai sensi dell\u2019art. 13 del D.Lgs. n. 196\/2003, Codice in materia di protezione dei dati personali.L\u2019informativa si ispira anche alla Raccomandazione n. 2\/2001 che le autorit\u00e0 europee per la protezione dei dati personali, riunite nel Gruppo istituito dall\u2019art. 29 della direttiva n. 95\/46\/CE, hanno adottato il 17 maggio 2001 per individuare alcuni requisiti minimi per la raccolta di dati personali on-line, e, in particolare, le modalit\u00e0, i tempi e la natura delle informazioni che i titolari del trattamento devono fornire agli utenti quando questi si collegano a pagine web, indipendentemente dagli scopi del collegamento, nonch\u00e9 a quanto previsto dalla Direttiva 2002\/58\/CE, come aggiornata dalla Direttiva 2009\/136\/CE, in materia di Cookie.Titolare del trattamentoAi sensi dell\u2019articolo 28 del Codice in materia di protezione dei dati personali il titolare del trattamento \u00e8 Maggi Luigi.<\/p>\n\n\n\n<h4 class=\"wp-block-heading\"><strong>Responsabile del trattamento<\/strong><\/h4>\n\n\n\n<p>Ai sensi dell\u2019articolo 29 del Codice in materia di protezione dei dati personali, responsabile del trattamento interno contattare il proprietario del sito web https:\/\/lemgestione.it all&#8217;indirizzo email info@lemgestione.it.<\/p>\n\n\n\n<h4 class=\"wp-block-heading\"><strong>Tipi di dati trattati<\/strong><\/h4>\n\n\n\n<p><strong>Dati personali e identificativi<\/strong>&nbsp; &nbsp; <\/p>\n\n\n\n<p>Dati personali. Qualunque informazione relativa a persona fisica, identificata o identificabile, anche indirettamente, mediante riferimento a qualsiasi altra informazione, ivi compreso un numero di identificazione personale.&nbsp; &nbsp; Dati identificativi. Dati personali che permettono l\u2019identificazione diretta dell\u2019interessato (quali, a titolo esemplificativo, nome, cognome, data di nascita, indirizzo, indirizzo e-mail, numero di telefono, ecc.).<\/p>\n\n\n\n<p><strong>Dati di navigazione<\/strong><\/p>\n\n\n\n<p>I sistemi informatici e le procedure software preposte al funzionamento di questo sito web acquisiscono, nel corso del loro normale esercizio, alcuni dati personali la cui trasmissione \u00e8 implicita nell\u2019uso dei protocolli di comunicazione di Internet.Si tratta di informazioni che non sono raccolte per essere associate a interessati identificati, ma che per loro stessa natura potrebbero, attraverso elaborazioni ed associazioni con dati detenuti da terzi, permettere di identificare gli utenti.In questa categoria di dati rientrano gli indirizzi IP o i nomi a dominio dei computer utilizzati dagli utenti che si connettono al sito, gli indirizzi in notazione URI (Uniform Resource Identifier) delle risorse richieste, l\u2019orario della richiesta, il metodo utilizzato nel sottoporre la richiesta al server, la dimensione del file ottenuto in risposta, il codice numerico indicante lo stato della risposta data dal server (buon fine, errore, ecc.) ed altri parametri relativi al sistema operativo e all\u2019ambiente informatico dell\u2019utente.Questi dati vengono utilizzati al solo fine di ricavare informazioni statistiche anonime sull\u2019uso del sito e per controllarne il corretto funzionamento e vengono cancellati immediatamente dopo l\u2019elaborazione.<\/p>\n\n\n\n<h4 class=\"wp-block-heading\"><strong>Difesa in giudizio<\/strong><\/h4>\n\n\n\n<p>I Dati Personali dell\u2019Utente possono essere utilizzati per la difesa da parte del Titolare in giudizio o nelle fasi propedeutiche alla sua eventuale instaurazione, da abusi nell\u2019utilizzo della stessa o dei servizi connessi da parte dell\u2019Utente. I dati potrebbero essere utilizzati per l\u2019accertamento di responsabilit\u00e0 in caso di ipotetici reati informatici ai danni del sito.<\/p>\n\n\n\n<h4 class=\"wp-block-heading\"><strong>Manutenzione<\/strong><\/h4>\n\n\n\n<p>I dati personali dell\u2019utente possono essere trattati con modalit\u00e0 e finalit\u00e0 aggiuntive legate alla manutenzione<\/p>\n\n\n\n<h4 class=\"wp-block-heading\"><strong>Dati forniti volontariamente dall\u2019utente<\/strong><\/h4>\n\n\n\n<p>L\u2019invio facoltativo, esplicito e volontario di posta elettronica agli indirizzi indicati su questo sito comporta la successiva acquisizione dell\u2019indirizzo del mittente, necessario per rispondere alle richieste, nonch\u00e9 degli eventuali altri dati personali inseriti.<\/p>\n\n\n\n<h4 class=\"wp-block-heading\"><strong>Informative specifiche<\/strong><\/h4>\n\n\n\n<p>Informative specifiche potrebbero essere presentate nelle pagine del Sito in relazione a particolari servizi o trattamenti dei Dati forniti dall\u2019Utente o dall\u2019Interessato.<\/p>\n\n\n\n<h4 class=\"wp-block-heading\"><strong>Cookies<\/strong><\/h4>\n\n\n\n<p>Gli applicativi software utilizzati possono contenere la tecnologia \u201ccookie\u201d. I cookies hanno principalmente la funzione di agevolare la navigazione da parte dell\u2019utente. I cookies potranno fornire informazioni sulla navigazione all\u2019interno del Sito e permettere il funzionamento di alcuni servizi che richiedono l\u2019identificazione del percorso dell\u2019utente attraverso diverse pagine del Sito. Per qualsiasi accesso al portale indipendentemente dalla presenza di un cookie, vengono registrati il tipo di browser (es. Internet Explorer, Chrome, ecc.), il sistema operativo (es. Macintosh, Windows), l\u2019Host e l\u2019URL di provenienza del visitatore, oltre ai dati sulla pagina richiesta. L\u2019utente ha comunque modo di impostare il proprio browser in modo da essere informato quando ricevete un cookie e decidere in questo modo di eliminarlo.Ulteriori informazioni sui cookies sono reperibili sui siti web dei fornitori di browser.<\/p>\n\n\n\n<p><strong>Tipi di cookie<\/strong><\/p>\n\n\n\n<ul class=\"wp-block-list\"><li><strong>Cookie tecnici.<\/strong>&nbsp;Sono quelli utilizzati al solo fine di \u201ceffettuare la trasmissione di una comunicazione su una rete di comunicazione elettronica, o nella misura strettamente necessaria al fornitore di un servizio della societ\u00e0 dell\u2019informazione esplicitamente richiesto dall\u2019abbonato o dall\u2019utente a erogare tale servizio\u201d. Essi non vengono utilizzati per scopi ulteriori e sono normalmente installati direttamente dal titolare o gestore del sito web.I cookie tecnici possono essere suddivisi in:<ul><li>&nbsp; &nbsp;&nbsp;<strong>Cookie di navigazione o di sessione.<\/strong>&nbsp;Sono cookie che garantiscono la normale navigazione e fruizione del sito web (permettendo, ad esempio, di realizzare un acquisto o autenticarsi per accedere ad aree riservate);<\/li><li>&nbsp; &nbsp;&nbsp;<strong>Cookie analytics.<\/strong>&nbsp;Utilizzati direttamente dal gestore del sito per raccogliere informazioni, in forma aggregata, sul numero degli utenti e su come questi visitano il sito stesso;<\/li><li>&nbsp; &nbsp;&nbsp;<strong>Cookie di funzionalit\u00e0.<\/strong>&nbsp;Permettono all\u2019utente la navigazione in funzione di una serie di criteri selezionati (ad esempio, la lingua, i prodotti selezionati per l\u2019acquisto) al fine di migliorare il servizio reso allo stesso.<\/li><\/ul><\/li><li><strong>Cookie di profilazione.<\/strong>&nbsp;Sono volti a creare profili relativi all\u2019utente e vengono utilizzati al fine di inviare messaggi pubblicitari in linea con le preferenze manifestate dallo stesso nell\u2019ambito della navigazione in rete. In ragione della particolare invasivit\u00e0 che tali dispositivi possono avere nell\u2019ambito della sfera privata degli utenti, la normativa europea e italiana prevede che l\u2019utente debba essere adeguatamente informato sull\u2019uso degli stessi ed esprimere cos\u00ec il proprio valido consenso.<\/li><\/ul>\n\n\n\n<h4 class=\"wp-block-heading\"><strong>Utilizzo dei cookies in questo sito web<\/strong><\/h4>\n\n\n\n<p>Nel presente sito internet viene fatto uso esclusivamente di cookies tecnici. Per l\u2019installazione di questi cookie non \u00e8 richiesto il preventivo consenso degli utenti, come riportato nella relativa pubblicazione del Garante della Privacy dell\u20198 maggio 2014, \u201cIndividuazione delle modalit\u00e0 semplificate per l\u2019informativa e l\u2019acquisizione del consenso per l\u2019uso dei cookie\u201d, pubblicato sulla Gazzetta Ufficiale n. 126 del 3 giugno 2014.Non vengono utilizzati cookies di profilazione, n\u00e9 cookies per la trasmissione di informazioni di carattere personale, n\u00e9 vengono utilizzati cookies persistenti di alcun tipo, ovvero sistemi per il tracciamento degli utenti, n\u00e9 vengono utilizzati cookies di terze parti.L\u2019utilizzo di cookies di sessione (che non vengono memorizzati in modo persistente sul computer dell\u2019utente e svaniscono con la chiusura del browser) \u00e8 strettamente limitato alla trasmissione di identificativi di sessione (costituiti da numeri casuali generati dal server) necessari per consentire l\u2019esplorazione sicura ed efficiente del sito. I cookies di sessione utilizzati in questo sito evitano il ricorso ad altre tecniche informatiche potenzialmente pregiudizievoli per la riservatezza della navigazione degli utenti e non consentono l\u2019acquisizione di dati personali identificativi dell\u2019utente.<\/p>\n\n\n\n<h4 class=\"wp-block-heading\"><strong>Finalit\u00e0 del trattamento per le quali si concede consenso laddove richiesto (art. 23 D.Lgs. 196\/03)<\/strong><\/h4>\n\n\n\n<p>I dati di natura personale ed eventualmente sensibili, volontariamente forniti saranno oggetto di trattamento per le seguenti finalit\u00e0, fino a sua opposizione:<\/p>\n\n\n\n<ul class=\"wp-block-list\"><li><strong>Navigazione sul presente sito internet.<\/strong><\/li><li><strong>Attivit\u00e0 amministrativo-contabili in genere.<\/strong>&nbsp;Ai fini dell\u2019applicazione delle disposizioni in materia di protezione dei dati personali, i trattamenti effettuati per finalit\u00e0 amministrativo-contabili sono quelli connessi allo svolgimento delle attivit\u00e0 di natura organizzativa, amministrativa, finanziaria e contabile, a prescindere dalla natura dei dati trattati. In particolare, perseguono tali finalit\u00e0 le attivit\u00e0 organizzative interne, quelle funzionali all\u2019adempimento di obblighi contrattuali e precontrattuali, attivit\u00e0 informativa.<\/li><\/ul>\n\n\n\n<h4 class=\"wp-block-heading\"><strong>Modalit\u00e0 di trattamento e conservazione dei dati personali<\/strong><\/h4>\n\n\n\n<p>Il trattamento sar\u00e0 svolto in forma automatizzata e\/o manuale, con modalit\u00e0 e strumenti volti a garantire la massima sicurezza e riservatezza, ad opera di soggetti di ci\u00f2 appositamente incaricati in ottemperanza a quanto previsto dagli artt. 31 e segg. D.Lgs 196\/03. I dati saranno conservati per un periodo non superiore agli scopi per i quali i dati sono stati raccolti e successivamente trattati.<\/p>\n\n\n\n<h4 class=\"wp-block-heading\"><strong>Ambito di comunicazione e diffusione<\/strong><\/h4>\n\n\n\n<p>I Suoi dati, oggetto del trattamento, non saranno diffusi e potranno essere comunicati a societ\u00e0 contrattualmente legate al proprietario del sito web  <br>https:\/\/lemgestione.it , all\u2019estero all\u2019interno dell\u2019Unione Europea, in conformit\u00e0 e nei limiti di cui all\u2019art. 42 del D.Lgs. n. 196\/2003. I dati personali potranno essere trasferiti all\u2019estero in paesi extra UE nell\u2019ambito e nei limiti previsti dall\u2019artt. 43 e 44 lett. b) del D.Lgs. n. 196\/2003, al fine di ottemperare ai contratti o finalit\u00e0 connesse. I dati potranno essere comunicati a terzi appartenenti alle seguenti categorie:&nbsp; &nbsp; soggetti che forniscono servizi per la gestione del sistema informativo usato da  <br>proprietario del sito web https:\/\/lemgestione.it  e delle reti di telecomunicazioni (ivi compresa la posta elettronica);&nbsp; &nbsp; studi o societ\u00e0 nell\u2019ambito di rapporti di assistenza e consulenza;&nbsp; &nbsp; autorit\u00e0 competenti per adempimenti di obblighi di leggi e\/o di disposizioni di organi pubblici.I soggetti appartenenti alle categorie suddette svolgono la funzione di Responsabile del trattamento dei dati, oppure operano in totale autonomia come distinti Titolari del trattamento. L\u2019elenco responsabili \u00e8 costantemente aggiornato e disponibile presso l&#8217;abitazione del proprietario del sito web https:\/\/lemgestione.it . Ogni ulteriore comunicazione o diffusione avverr\u00e0 solo previo Suo esplicito consenso.<\/p>\n\n\n\n<h4 class=\"wp-block-heading\"><strong>Natura del conferimento e rifiuto<\/strong><\/h4>\n\n\n\n<p>A parte quanto specificato per i dati di navigazione, l\u2019utente \u00e8 libero di fornire i dati personali. Il conferimento dei dati \u00e8 facoltativo ma necessario. Il loro mancato conferimento pu\u00f2 comportare l\u2019impossibilit\u00e0 di ottenere quanto richiesto o per usufruire dei servizi del titolare del trattamento.<\/p>\n\n\n\n<h4 class=\"wp-block-heading\"><strong>Diritti degli interessati<\/strong><\/h4>\n\n\n\n<p>Lei potr\u00e0 far valere i propri diritti come espressi dall\u2019art. 7, 8, 9 e 10 del D.Lgs. 30 giugno 2003 n. 196 scrivendo a <a rel=\"noreferrer noopener\" href=\"mailto:info@aresys.it\" target=\"_blank\">maggi.lgi@lemgestione.it<\/a>. Lei ha il diritto, in qualunque momento, di ottenere la conferma dell\u2019esistenza o meno dei dati e di conoscerne il contenuto e l\u2019origine, verificarne l\u2019esattezza o chiederne l\u2019integrazione o l\u2019aggiornamento, oppure la rettificazione (articolo 7 del Codice in materia di protezione dei dati personali).Ai sensi del medesimo articolo si ha il diritto di chiedere la cancellazione, la trasformazione in forma anonima o il blocco dei dati trattati in violazione di legge, nonch\u00e9 di opporsi in ogni caso, per motivi legittimi, al loro trattamento.Qualora contatti il titolare \u00e8 pregato di fornire l\u2019indirizzo di posta elettronica, il nominativo, l\u2019indirizzo e\/o i numeri di telefono, al fine di permettere la corretta gestione della richiesta.<\/p>\n\n\n\n<h4 class=\"wp-block-heading\"><strong>Modifiche all\u2019informativa sulla privacy<\/strong><\/h4>\n\n\n\n<p>Il titolare si riserva il diritto di modificare, aggiornare, aggiungere o rimuovere parti della presente informativa sulla privacy a propria discrezione e in qualsiasi momento. La persona interessata \u00e8 tenuta a verificare periodicamente le eventuali modifiche. Al fine di facilitare tale verifica l\u2019informativa conterr\u00e0 l\u2019indicazione della data di aggiornamento dell\u2019informativa. L\u2019utilizzo del sito, dopo la pubblicazione delle modifiche, costituir\u00e0 accettazione delle stesse. <\/p>\n","protected":false},"excerpt":{"rendered":"<p>Chi siamo L&#8217;indirizzo del nostro sito web \u00e8: https:\/\/lemgestione.it. In osservanza al D.Lgs. 30 giugno 2003 n. 196 (Codice Privacy) e successive variazioni, siamo a [&hellip;]<\/p>\n","protected":false},"author":1,"featured_media":0,"parent":0,"menu_order":0,"comment_status":"closed","ping_status":"closed","template":"","meta":{"footnotes":""},"class_list":["post-361","page","type-page","status-publish","hentry"],"_links":{"self":[{"href":"https:\/\/lemgestione.it\/index.php?rest_route=\/wp\/v2\/pages\/361","targetHints":{"allow":["GET"]}}],"collection":[{"href":"https:\/\/lemgestione.it\/index.php?rest_route=\/wp\/v2\/pages"}],"about":[{"href":"https:\/\/lemgestione.it\/index.php?rest_route=\/wp\/v2\/types\/page"}],"author":[{"embeddable":true,"href":"https:\/\/lemgestione.it\/index.php?rest_route=\/wp\/v2\/users\/1"}],"replies":[{"embeddable":true,"href":"https:\/\/lemgestione.it\/index.php?rest_route=%2Fwp%2Fv2%2Fcomments&post=361"}],"version-history":[{"count":3,"href":"https:\/\/lemgestione.it\/index.php?rest_route=\/wp\/v2\/pages\/361\/revisions"}],"predecessor-version":[{"id":1147,"href":"https:\/\/lemgestione.it\/index.php?rest_route=\/wp\/v2\/pages\/361\/revisions\/1147"}],"wp:attachment":[{"href":"https:\/\/lemgestione.it\/index.php?rest_route=%2Fwp%2Fv2%2Fmedia&parent=361"}],"curies":[{"name":"wp","href":"https:\/\/api.w.org\/{rel}","templated":true}]}}